

{"id":655,"date":"2020-12-04T11:15:43","date_gmt":"2020-12-04T09:15:43","guid":{"rendered":"http:\/\/platform.amelieproject.eu\/?page_id=655"},"modified":"2022-05-25T12:05:18","modified_gmt":"2022-05-25T10:05:18","slug":"training_materials","status":"publish","type":"page","link":"https:\/\/platform.amelieproject.eu\/de\/training_materials\/","title":{"rendered":"\u00dcbungsmaterial"},"content":{"rendered":"In diesem Bereich findest du eine Auswahl an Arbeitsbl\u00e4ttern rund um das Thema Hate Speech, die im Unterricht eingesetzt werden k\u00f6nnen. Die Arbeitsbl\u00e4tter sind in unterschiedliche Altersstufen gegliedert. W\u00e4hle ein Arbeitsblatt deiner Wahl aus und f\u00fchre gemeinsam mit deinen Sch\u00fcler*innen eine Aktivit\u00e4t im Klassenzimmer durch. Nutze den Kommentarbereich, um deine Erfahrungen mit dem Netzwerk zu teilen.","protected":false},"excerpt":{"rendered":"<p>In diesem Bereich findest du eine Auswahl an Arbeitsbl\u00e4ttern rund um das Thema Hate Speech, die im Unterricht eingesetzt werden k\u00f6nnen. Die Arbeitsbl\u00e4tter sind in unterschiedliche Altersstufen gegliedert. W\u00e4hle ein Arbeitsblatt deiner Wahl aus und f\u00fchre gemeinsam mit deinen Sch\u00fcler*innen eine Aktivit\u00e4t im Klassenzimmer durch. Nutze den Kommentarbereich, um deine Erfahrungen mit dem Netzwerk zu [&hellip;]<\/p>","protected":false},"author":6,"featured_media":0,"parent":0,"menu_order":0,"comment_status":"closed","ping_status":"closed","template":"","meta":{"_bbp_topic_count":0,"_bbp_reply_count":0,"_bbp_total_topic_count":0,"_bbp_total_reply_count":0,"_bbp_voice_count":0,"_bbp_anonymous_reply_count":0,"_bbp_topic_count_hidden":0,"_bbp_reply_count_hidden":0,"_bbp_forum_subforum_count":0},"acf":[],"_links":{"self":[{"href":"https:\/\/platform.amelieproject.eu\/de\/wp-json\/wp\/v2\/pages\/655"}],"collection":[{"href":"https:\/\/platform.amelieproject.eu\/de\/wp-json\/wp\/v2\/pages"}],"about":[{"href":"https:\/\/platform.amelieproject.eu\/de\/wp-json\/wp\/v2\/types\/page"}],"author":[{"embeddable":true,"href":"https:\/\/platform.amelieproject.eu\/de\/wp-json\/wp\/v2\/users\/6"}],"replies":[{"embeddable":true,"href":"https:\/\/platform.amelieproject.eu\/de\/wp-json\/wp\/v2\/comments?post=655"}],"version-history":[{"count":8,"href":"https:\/\/platform.amelieproject.eu\/de\/wp-json\/wp\/v2\/pages\/655\/revisions"}],"predecessor-version":[{"id":1891,"href":"https:\/\/platform.amelieproject.eu\/de\/wp-json\/wp\/v2\/pages\/655\/revisions\/1891"}],"wp:attachment":[{"href":"https:\/\/platform.amelieproject.eu\/de\/wp-json\/wp\/v2\/media?parent=655"}],"curies":[{"name":"wp","href":"https:\/\/api.w.org\/{rel}","templated":true}]}}