

{"id":687,"date":"2021-06-11T08:32:20","date_gmt":"2021-06-11T06:32:20","guid":{"rendered":"http:\/\/platform.amelieproject.eu\/login\/"},"modified":"2022-01-25T13:28:29","modified_gmt":"2022-01-25T11:28:29","slug":"login","status":"publish","type":"page","link":"https:\/\/platform.amelieproject.eu\/ro\/login\/","title":{"rendered":"Autentificare"},"content":{"rendered":"<div class=\"um um-login um-1247\">\r\n\r\n\t<div class=\"um-form\">\r\n\r\n\t\t<form method=\"post\" action=\"\" autocomplete=\"off\">\r\n\r\n\t\t\t<div class=\"um-row _um_row_1 \" style=\"margin: 0 0 30px 0;\"><div class=\"um-col-1\"><div  id=\"um_field_1247_username\" class=\"um-field um-field-text  um-field-username um-field-text um-field-type_text\" data-key=\"username\"><div class=\"um-field-label\"><label for=\"username-1247\">Nume de utilizator sau adres\u0103 de E-mail<\/label><div class=\"um-clear\"><\/div><\/div><div class=\"um-field-area\"><input  autocomplete=\"off\" class=\"um-form-field valid \" type=\"text\" name=\"username-1247\" id=\"username-1247\" value=\"\" placeholder=\"\" data-validate=\"unique_username_or_email\" data-key=\"username\" \/>\r\n\r\n\t\t\t\t\t\t<\/div><\/div><div  id=\"um_field_1247_user_password\" class=\"um-field um-field-password  um-field-user_password um-field-password um-field-type_password\" data-key=\"user_password\"><div class=\"um-field-label\"><label for=\"user_password-1247\">Parol\u0103<\/label><div class=\"um-clear\"><\/div><\/div><div class=\"um-field-area\"><input class=\"um-form-field valid \" type=\"password\" name=\"user_password-1247\" id=\"user_password-1247\" value=\"\" placeholder=\"\" data-validate=\"\" data-key=\"user_password\" \/>\r\n\r\n\t\t\t\t\t\t<\/div><\/div><\/div><\/div>\t\t<input type=\"hidden\" name=\"form_id\" id=\"form_id_1247\" value=\"1247\" \/>\r\n\t\r\n\t<p class=\"um_request_name\">\r\n\t\t<label for=\"um_request_1247\">Only fill in if you are not human<\/label>\r\n\t\t<input type=\"hidden\" name=\"um_request\" id=\"um_request_1247\" class=\"input\" value=\"\" size=\"25\" autocomplete=\"off\" \/>\r\n\t<\/p>\r\n\r\n\t<input type=\"hidden\" id=\"_wpnonce\" name=\"_wpnonce\" value=\"d783b0f539\" \/><input type=\"hidden\" name=\"_wp_http_referer\" value=\"\/ro\/wp-json\/wp\/v2\/pages\/687\" \/>\r\n<div class=\"um-field\">\r\n\t<div class=\"g-recaptcha\" id=\"um-1247\" data-type=\"image\" data-size=\"normal\" data-theme=\"light\" data-sitekey=\"6LfPLvMUAAAAAObzX9eUHwm8vgBNK927d1oynZUE\"><\/div>\r\n<\/div>\r\n\r\n\r\n<script type=\"text\/javascript\">\r\n\t\r\n\t\tvar onloadCallback = function () {\r\n\t\t\tjQuery('.g-recaptcha').each( function (i) {\r\n\t\t\t\tgrecaptcha.render( jQuery(this).attr('id'), {\r\n\t\t\t\t\t'sitekey': jQuery(this).attr('data-sitekey'),\r\n\t\t\t\t\t'theme': jQuery(this).attr('data-theme')\r\n\t\t\t\t});\r\n\t\t\t});\r\n\t\t};\r\n\r\n\t\tfunction um_recaptcha_refresh() {\r\n\t\t\tjQuery('.g-recaptcha').html('');\r\n\t\t\tgrecaptcha.reset();\r\n\t\t\tonloadCallback();\r\n\t\t}\r\n\r\n\t<\/script>\r\n\t<div class=\"um-col-alt\">\r\n\r\n\t\t\t\t\t\r\n\t\t\t\t\t\t  \r\n\t\t\t\t\t\t \r\n\r\n\t\t\t<div class=\"um-field um-field-c\">\r\n\t\t\t\t<div class=\"um-field-area\">\r\n\t\t\t\t\t<label class=\"um-field-checkbox\">\r\n\t\t\t\t\t\t<input type=\"checkbox\" name=\"rememberme\" value=\"1\"  \/>\r\n\t\t\t\t\t\t<span class=\"um-field-checkbox-state\"><i class=\"um-icon-android-checkbox-outline-blank\"><\/i><\/span>\r\n\t\t\t\t\t\t<span class=\"um-field-checkbox-option\"> P\u0103streaz\u0103-m\u0103 conectat<\/span>\r\n\t\t\t\t\t<\/label>\r\n\t\t\t\t<\/div>\r\n\t\t\t<\/div>\r\n\r\n\t\t\t\r\n\t\t\t   \r\n\t\t\t   \t\t\t\r\n\t\t\t\r\n\t\t\t\r\n\t\t\r\n\t\t\t\r\n\r\n\t\t\t<div class=\"um-clear\"><\/div>\r\n\t\t\r\n\t\t\t<div class=\"um-left um-half\">\r\n\t\t\t\t<input type=\"submit\" value=\"Autentificare\" class=\"um-button\" id=\"um-submit-btn\" \/>\r\n\t\t\t<\/div>\r\n\t\t\t<div class=\"um-right um-half\">\r\n\t\t\t\t<a href=\"https:\/\/platform.amelieproject.eu\/ro\/registration\/\" class=\"um-button um-alt\">\r\n\t\t\t\t\t\u00cenregistrare\t\t\t\t<\/a>\r\n\t\t\t<\/div>\r\n\r\n\t\t\r\n\t\t<div class=\"um-clear\"><\/div>\r\n\r\n\t<\/div>\r\n\r\n\t\r\n\t<div class=\"um-col-alt-b\">\r\n\t\t<a href=\"https:\/\/platform.amelieproject.eu\/ro\/password-reset\/\" class=\"um-link-alt\">\r\n\t\t\r\n\t\t\r\n\t\t\t\t\t\t\t\t  \r\n\t\t\t\t\t\tTi-ai uitat parola?\r\n\t\t\t   \r\n\t\t\t   \t\t\r\n\t\t\r\n\t\t\r\n\t\t\t\r\n\t\t<\/a>\r\n\t<\/div>\r\n\r\n\t\r\n\t\t<\/form>\r\n\r\n\t<\/div>\r\n\r\n<\/div>","protected":false},"excerpt":{"rendered":"<p>Conecta\u021bi-v\u0103 la contul dumneavoastr\u0103 pentru a descoperi toate aspectele platformei.<\/p>","protected":false},"author":6,"featured_media":0,"parent":0,"menu_order":0,"comment_status":"closed","ping_status":"closed","template":"","meta":{"_bbp_topic_count":0,"_bbp_reply_count":0,"_bbp_total_topic_count":0,"_bbp_total_reply_count":0,"_bbp_voice_count":0,"_bbp_anonymous_reply_count":0,"_bbp_topic_count_hidden":0,"_bbp_reply_count_hidden":0,"_bbp_forum_subforum_count":0},"acf":[],"_links":{"self":[{"href":"https:\/\/platform.amelieproject.eu\/ro\/wp-json\/wp\/v2\/pages\/687"}],"collection":[{"href":"https:\/\/platform.amelieproject.eu\/ro\/wp-json\/wp\/v2\/pages"}],"about":[{"href":"https:\/\/platform.amelieproject.eu\/ro\/wp-json\/wp\/v2\/types\/page"}],"author":[{"embeddable":true,"href":"https:\/\/platform.amelieproject.eu\/ro\/wp-json\/wp\/v2\/users\/6"}],"replies":[{"embeddable":true,"href":"https:\/\/platform.amelieproject.eu\/ro\/wp-json\/wp\/v2\/comments?post=687"}],"version-history":[{"count":8,"href":"https:\/\/platform.amelieproject.eu\/ro\/wp-json\/wp\/v2\/pages\/687\/revisions"}],"predecessor-version":[{"id":1348,"href":"https:\/\/platform.amelieproject.eu\/ro\/wp-json\/wp\/v2\/pages\/687\/revisions\/1348"}],"wp:attachment":[{"href":"https:\/\/platform.amelieproject.eu\/ro\/wp-json\/wp\/v2\/media?parent=687"}],"curies":[{"name":"wp","href":"https:\/\/api.w.org\/{rel}","templated":true}]}}